{"id":14972,"date":"2024-12-12T14:11:39","date_gmt":"2024-12-12T14:11:39","guid":{"rendered":"http:\/\/test.gmsraynasfarms.com\/?page_id=14972"},"modified":"2024-12-14T13:31:39","modified_gmt":"2024-12-14T13:31:39","slug":"blogs","status":"publish","type":"page","link":"https:\/\/adriatic-sushi.com\/hr\/blogs\/","title":{"rendered":"Blogs"},"content":{"rendered":"<div data-elementor-type=\"wp-page\" data-elementor-id=\"14972\" class=\"elementor elementor-14972\" data-elementor-post-type=\"page\">\n\t\t\t\t<div data-particle_enable=\"false\" data-particle-mobile-disabled=\"false\" class=\"elementor-element elementor-element-298bc54 e-flex e-con-boxed e-con e-parent\" data-id=\"298bc54\" data-element_type=\"container\">\n\t\t\t\t\t<div class=\"e-con-inner\">\n\t\t\t\t<div class=\"elementor-element elementor-element-6bc5eea elementor-widget elementor-widget-heading\" data-id=\"6bc5eea\" data-element_type=\"widget\" data-widget_type=\"heading.default\">\n\t\t\t\t<div class=\"elementor-widget-container\">\n\t\t\t<h1 class=\"elementor-heading-title elementor-size-default\">Blog<\/h1>\t\t<\/div>\n\t\t\t\t<\/div>\n\t\t\t\t<div class=\"elementor-element elementor-element-e2e8718 elementor-grid-3 elementor-grid-tablet-2 elementor-grid-mobile-1 elementor-posts--thumbnail-top elementor-card-shadow-yes elementor-posts__hover-gradient elementor-widget elementor-widget-posts\" data-id=\"e2e8718\" data-element_type=\"widget\" data-settings=\"{&quot;pagination_type&quot;:&quot;numbers&quot;,&quot;cards_columns&quot;:&quot;3&quot;,&quot;cards_columns_tablet&quot;:&quot;2&quot;,&quot;cards_columns_mobile&quot;:&quot;1&quot;,&quot;cards_row_gap&quot;:{&quot;unit&quot;:&quot;px&quot;,&quot;size&quot;:35,&quot;sizes&quot;:[]},&quot;cards_row_gap_tablet&quot;:{&quot;unit&quot;:&quot;px&quot;,&quot;size&quot;:&quot;&quot;,&quot;sizes&quot;:[]},&quot;cards_row_gap_mobile&quot;:{&quot;unit&quot;:&quot;px&quot;,&quot;size&quot;:&quot;&quot;,&quot;sizes&quot;:[]}}\" data-widget_type=\"posts.cards\">\n\t\t\t\t<div class=\"elementor-widget-container\">\n\t\t\t\t\t<div class=\"elementor-posts-container elementor-posts elementor-posts--skin-cards elementor-grid\">\n\t\t\t\t<article class=\"elementor-post elementor-grid-item post-14422 post type-post status-publish format-standard has-post-thumbnail hentry category-uncategorized\">\n\t\t\t<div class=\"elementor-post__card\">\n\t\t\t\t<a class=\"elementor-post__thumbnail__link\" href=\"https:\/\/adriatic-sushi.com\/hr\/parmesan-ice-cream-for-the-creamiest-risotto\/\" tabindex=\"-1\" ><div class=\"elementor-post__thumbnail\"><img fetchpriority=\"high\" decoding=\"async\" width=\"300\" height=\"188\" src=\"https:\/\/adriatic-sushi.com\/wp-content\/uploads\/2024\/10\/RISOTTO-AL-DIMI-4-1-1024x640-3-1-300x188.jpg\" class=\"attachment-medium size-medium wp-image-14808\" alt=\"\" srcset=\"https:\/\/adriatic-sushi.com\/wp-content\/uploads\/2024\/10\/RISOTTO-AL-DIMI-4-1-1024x640-3-1-300x188.jpg 300w, https:\/\/adriatic-sushi.com\/wp-content\/uploads\/2024\/10\/RISOTTO-AL-DIMI-4-1-1024x640-3-1-600x375.jpg 600w, https:\/\/adriatic-sushi.com\/wp-content\/uploads\/2024\/10\/RISOTTO-AL-DIMI-4-1-1024x640-3-1-768x480.jpg 768w, https:\/\/adriatic-sushi.com\/wp-content\/uploads\/2024\/10\/RISOTTO-AL-DIMI-4-1-1024x640-3-1.jpg 1024w\" sizes=\"(max-width: 300px) 100vw, 300px\" \/><\/div><\/a>\n\t\t\t\t<div class=\"elementor-post__text\">\n\t\t\t\t<h1 class=\"elementor-post__title\">\n\t\t\t<a href=\"https:\/\/adriatic-sushi.com\/hr\/parmesan-ice-cream-for-the-creamiest-risotto\/\" >\n\t\t\t\tSladoled od parmezana za najkremastiji ri\u017eoto\t\t\t<\/a>\n\t\t<\/h1>\n\t\t\t\t<\/div>\n\t\t\t\t\t<\/div>\n\t\t<\/article>\n\t\t\t\t<article class=\"elementor-post elementor-grid-item post-14425 post type-post status-publish format-standard has-post-thumbnail hentry category-uncategorized\">\n\t\t\t<div class=\"elementor-post__card\">\n\t\t\t\t<a class=\"elementor-post__thumbnail__link\" href=\"https:\/\/adriatic-sushi.com\/hr\/once-again-among-the-top-10-in-the-world-adriatic-sushi-wins-the-prestigious-award-for-the-third-time\/\" tabindex=\"-1\" ><div class=\"elementor-post__thumbnail\"><img decoding=\"async\" width=\"300\" height=\"188\" src=\"https:\/\/adriatic-sushi.com\/wp-content\/uploads\/2024\/10\/10-2-1024x640-2-1-300x188.jpg\" class=\"attachment-medium size-medium wp-image-14807\" alt=\"\" srcset=\"https:\/\/adriatic-sushi.com\/wp-content\/uploads\/2024\/10\/10-2-1024x640-2-1-300x188.jpg 300w, https:\/\/adriatic-sushi.com\/wp-content\/uploads\/2024\/10\/10-2-1024x640-2-1-600x375.jpg 600w, https:\/\/adriatic-sushi.com\/wp-content\/uploads\/2024\/10\/10-2-1024x640-2-1-768x480.jpg 768w, https:\/\/adriatic-sushi.com\/wp-content\/uploads\/2024\/10\/10-2-1024x640-2-1.jpg 1024w\" sizes=\"(max-width: 300px) 100vw, 300px\" \/><\/div><\/a>\n\t\t\t\t<div class=\"elementor-post__text\">\n\t\t\t\t<h1 class=\"elementor-post__title\">\n\t\t\t<a href=\"https:\/\/adriatic-sushi.com\/hr\/once-again-among-the-top-10-in-the-world-adriatic-sushi-wins-the-prestigious-award-for-the-third-time\/\" >\n\t\t\t\tPonovno me\u0111u top 10 % u svijetu: Adriatic Sushi po tre\u0107i put dobitnik presti\u017enog priznanja!\t\t\t<\/a>\n\t\t<\/h1>\n\t\t\t\t<\/div>\n\t\t\t\t\t<\/div>\n\t\t<\/article>\n\t\t\t\t<article class=\"elementor-post elementor-grid-item post-14428 post type-post status-publish format-standard has-post-thumbnail hentry category-uncategorized\">\n\t\t\t<div class=\"elementor-post__card\">\n\t\t\t\t<a class=\"elementor-post__thumbnail__link\" href=\"https:\/\/adriatic-sushi.com\/hr\/tune-in-to-your-raw-passions\/\" tabindex=\"-1\" ><div class=\"elementor-post__thumbnail\"><img decoding=\"async\" width=\"300\" height=\"188\" src=\"https:\/\/adriatic-sushi.com\/wp-content\/uploads\/2024\/10\/ASOB-slusajte-svoje-sirove-strasti-1024x640-2-1-300x188.jpg\" class=\"attachment-medium size-medium wp-image-14806\" alt=\"\" srcset=\"https:\/\/adriatic-sushi.com\/wp-content\/uploads\/2024\/10\/ASOB-slusajte-svoje-sirove-strasti-1024x640-2-1-300x188.jpg 300w, https:\/\/adriatic-sushi.com\/wp-content\/uploads\/2024\/10\/ASOB-slusajte-svoje-sirove-strasti-1024x640-2-1-600x375.jpg 600w, https:\/\/adriatic-sushi.com\/wp-content\/uploads\/2024\/10\/ASOB-slusajte-svoje-sirove-strasti-1024x640-2-1-768x480.jpg 768w, https:\/\/adriatic-sushi.com\/wp-content\/uploads\/2024\/10\/ASOB-slusajte-svoje-sirove-strasti-1024x640-2-1.jpg 1024w\" sizes=\"(max-width: 300px) 100vw, 300px\" \/><\/div><\/a>\n\t\t\t\t<div class=\"elementor-post__text\">\n\t\t\t\t<h1 class=\"elementor-post__title\">\n\t\t\t<a href=\"https:\/\/adriatic-sushi.com\/hr\/tune-in-to-your-raw-passions\/\" >\n\t\t\t\tSlu\u0161ajte svoje sirove strasti\t\t\t<\/a>\n\t\t<\/h1>\n\t\t\t\t<\/div>\n\t\t\t\t\t<\/div>\n\t\t<\/article>\n\t\t\t\t<article class=\"elementor-post elementor-grid-item post-14431 post type-post status-publish format-standard has-post-thumbnail hentry category-uncategorized\">\n\t\t\t<div class=\"elementor-post__card\">\n\t\t\t\t<a class=\"elementor-post__thumbnail__link\" href=\"https:\/\/adriatic-sushi.com\/hr\/every-dish-loves-a-dash-of-sea-salt\/\" tabindex=\"-1\" ><div class=\"elementor-post__thumbnail\"><img loading=\"lazy\" decoding=\"async\" width=\"300\" height=\"188\" src=\"https:\/\/adriatic-sushi.com\/wp-content\/uploads\/2024\/10\/ASOB-svako-jelo-voli-zrno-morske-soli-1024x640-2-1-300x188.jpg\" class=\"attachment-medium size-medium wp-image-14805\" alt=\"\" srcset=\"https:\/\/adriatic-sushi.com\/wp-content\/uploads\/2024\/10\/ASOB-svako-jelo-voli-zrno-morske-soli-1024x640-2-1-300x188.jpg 300w, https:\/\/adriatic-sushi.com\/wp-content\/uploads\/2024\/10\/ASOB-svako-jelo-voli-zrno-morske-soli-1024x640-2-1-600x375.jpg 600w, https:\/\/adriatic-sushi.com\/wp-content\/uploads\/2024\/10\/ASOB-svako-jelo-voli-zrno-morske-soli-1024x640-2-1-768x480.jpg 768w, https:\/\/adriatic-sushi.com\/wp-content\/uploads\/2024\/10\/ASOB-svako-jelo-voli-zrno-morske-soli-1024x640-2-1.jpg 1024w\" sizes=\"(max-width: 300px) 100vw, 300px\" \/><\/div><\/a>\n\t\t\t\t<div class=\"elementor-post__text\">\n\t\t\t\t<h1 class=\"elementor-post__title\">\n\t\t\t<a href=\"https:\/\/adriatic-sushi.com\/hr\/every-dish-loves-a-dash-of-sea-salt\/\" >\n\t\t\t\tSvako jelo voli mrvu morske soli\t\t\t<\/a>\n\t\t<\/h1>\n\t\t\t\t<\/div>\n\t\t\t\t\t<\/div>\n\t\t<\/article>\n\t\t\t\t<article class=\"elementor-post elementor-grid-item post-14434 post type-post status-publish format-standard has-post-thumbnail hentry category-uncategorized\">\n\t\t\t<div class=\"elementor-post__card\">\n\t\t\t\t<a class=\"elementor-post__thumbnail__link\" href=\"https:\/\/adriatic-sushi.com\/hr\/a-touch-of-molecular-gastronomy-in-adriatic-sushi\/\" tabindex=\"-1\" ><div class=\"elementor-post__thumbnail\"><img loading=\"lazy\" decoding=\"async\" width=\"300\" height=\"188\" src=\"https:\/\/adriatic-sushi.com\/wp-content\/uploads\/2024\/10\/ASOB-dasak-molekoluarne-biologije-1024x640-2-1-300x188.jpg\" class=\"attachment-medium size-medium wp-image-14804\" alt=\"\" srcset=\"https:\/\/adriatic-sushi.com\/wp-content\/uploads\/2024\/10\/ASOB-dasak-molekoluarne-biologije-1024x640-2-1-300x188.jpg 300w, https:\/\/adriatic-sushi.com\/wp-content\/uploads\/2024\/10\/ASOB-dasak-molekoluarne-biologije-1024x640-2-1-600x375.jpg 600w, https:\/\/adriatic-sushi.com\/wp-content\/uploads\/2024\/10\/ASOB-dasak-molekoluarne-biologije-1024x640-2-1-768x480.jpg 768w, https:\/\/adriatic-sushi.com\/wp-content\/uploads\/2024\/10\/ASOB-dasak-molekoluarne-biologije-1024x640-2-1.jpg 1024w\" sizes=\"(max-width: 300px) 100vw, 300px\" \/><\/div><\/a>\n\t\t\t\t<div class=\"elementor-post__text\">\n\t\t\t\t<h1 class=\"elementor-post__title\">\n\t\t\t<a href=\"https:\/\/adriatic-sushi.com\/hr\/a-touch-of-molecular-gastronomy-in-adriatic-sushi\/\" >\n\t\t\t\tDa\u0161ak molekularne gastronomije u Adriatic Sushiju\t\t\t<\/a>\n\t\t<\/h1>\n\t\t\t\t<\/div>\n\t\t\t\t\t<\/div>\n\t\t<\/article>\n\t\t\t\t<article class=\"elementor-post elementor-grid-item post-14439 post type-post status-publish format-standard has-post-thumbnail hentry category-uncategorized\">\n\t\t\t<div class=\"elementor-post__card\">\n\t\t\t\t<a class=\"elementor-post__thumbnail__link\" href=\"https:\/\/adriatic-sushi.com\/hr\/how-the-adriatic-tuna-conquered-japan\/\" tabindex=\"-1\" ><div class=\"elementor-post__thumbnail\"><img loading=\"lazy\" decoding=\"async\" width=\"300\" height=\"188\" src=\"https:\/\/adriatic-sushi.com\/wp-content\/uploads\/2024\/10\/kake-1-300x188.jpg\" class=\"attachment-medium size-medium wp-image-14803\" alt=\"\" srcset=\"https:\/\/adriatic-sushi.com\/wp-content\/uploads\/2024\/10\/kake-1-300x188.jpg 300w, https:\/\/adriatic-sushi.com\/wp-content\/uploads\/2024\/10\/kake-1-600x375.jpg 600w, https:\/\/adriatic-sushi.com\/wp-content\/uploads\/2024\/10\/kake-1-1024x640.jpg 1024w, https:\/\/adriatic-sushi.com\/wp-content\/uploads\/2024\/10\/kake-1-768x480.jpg 768w, https:\/\/adriatic-sushi.com\/wp-content\/uploads\/2024\/10\/kake-1.jpg 1080w\" sizes=\"(max-width: 300px) 100vw, 300px\" \/><\/div><\/a>\n\t\t\t\t<div class=\"elementor-post__text\">\n\t\t\t\t<h1 class=\"elementor-post__title\">\n\t\t\t<a href=\"https:\/\/adriatic-sushi.com\/hr\/how-the-adriatic-tuna-conquered-japan\/\" >\n\t\t\t\tKako je jadranska tuna osvojila Japan\t\t\t<\/a>\n\t\t<\/h1>\n\t\t\t\t<\/div>\n\t\t\t\t\t<\/div>\n\t\t<\/article>\n\t\t\t\t<article class=\"elementor-post elementor-grid-item post-14442 post type-post status-publish format-standard has-post-thumbnail hentry category-uncategorized\">\n\t\t\t<div class=\"elementor-post__card\">\n\t\t\t\t<a class=\"elementor-post__thumbnail__link\" href=\"https:\/\/adriatic-sushi.com\/hr\/bento-box-spice-up-your-life\/\" tabindex=\"-1\" ><div class=\"elementor-post__thumbnail\"><img loading=\"lazy\" decoding=\"async\" width=\"300\" height=\"188\" src=\"https:\/\/adriatic-sushi.com\/wp-content\/uploads\/2024\/10\/bento-box-stavi-pravu-stvar-na-pravo-mjesto-img-1024x640-2-1-300x188.jpg\" class=\"attachment-medium size-medium wp-image-14801\" alt=\"\" srcset=\"https:\/\/adriatic-sushi.com\/wp-content\/uploads\/2024\/10\/bento-box-stavi-pravu-stvar-na-pravo-mjesto-img-1024x640-2-1-300x188.jpg 300w, https:\/\/adriatic-sushi.com\/wp-content\/uploads\/2024\/10\/bento-box-stavi-pravu-stvar-na-pravo-mjesto-img-1024x640-2-1-600x375.jpg 600w, https:\/\/adriatic-sushi.com\/wp-content\/uploads\/2024\/10\/bento-box-stavi-pravu-stvar-na-pravo-mjesto-img-1024x640-2-1-768x480.jpg 768w, https:\/\/adriatic-sushi.com\/wp-content\/uploads\/2024\/10\/bento-box-stavi-pravu-stvar-na-pravo-mjesto-img-1024x640-2-1.jpg 1024w\" sizes=\"(max-width: 300px) 100vw, 300px\" \/><\/div><\/a>\n\t\t\t\t<div class=\"elementor-post__text\">\n\t\t\t\t<h1 class=\"elementor-post__title\">\n\t\t\t<a href=\"https:\/\/adriatic-sushi.com\/hr\/bento-box-spice-up-your-life\/\" >\n\t\t\t\tBento box: Stavi pravu stvar na pravo mjesto\t\t\t<\/a>\n\t\t<\/h1>\n\t\t\t\t<\/div>\n\t\t\t\t\t<\/div>\n\t\t<\/article>\n\t\t\t\t<article class=\"elementor-post elementor-grid-item post-14445 post type-post status-publish format-standard has-post-thumbnail hentry category-uncategorized\">\n\t\t\t<div class=\"elementor-post__card\">\n\t\t\t\t<a class=\"elementor-post__thumbnail__link\" href=\"https:\/\/adriatic-sushi.com\/hr\/special-flavour-for-a-special-taste\/\" tabindex=\"-1\" ><div class=\"elementor-post__thumbnail\"><img loading=\"lazy\" decoding=\"async\" width=\"300\" height=\"188\" src=\"https:\/\/adriatic-sushi.com\/wp-content\/uploads\/2024\/10\/posebna-aroma-1024x640-2-1-300x188.jpg\" class=\"attachment-medium size-medium wp-image-14800\" alt=\"\" srcset=\"https:\/\/adriatic-sushi.com\/wp-content\/uploads\/2024\/10\/posebna-aroma-1024x640-2-1-300x188.jpg 300w, https:\/\/adriatic-sushi.com\/wp-content\/uploads\/2024\/10\/posebna-aroma-1024x640-2-1-600x375.jpg 600w, https:\/\/adriatic-sushi.com\/wp-content\/uploads\/2024\/10\/posebna-aroma-1024x640-2-1-768x480.jpg 768w, https:\/\/adriatic-sushi.com\/wp-content\/uploads\/2024\/10\/posebna-aroma-1024x640-2-1.jpg 1024w\" sizes=\"(max-width: 300px) 100vw, 300px\" \/><\/div><\/a>\n\t\t\t\t<div class=\"elementor-post__text\">\n\t\t\t\t<h1 class=\"elementor-post__title\">\n\t\t\t<a href=\"https:\/\/adriatic-sushi.com\/hr\/special-flavour-for-a-special-taste\/\" >\n\t\t\t\tPosebna aroma za poseban okus\t\t\t<\/a>\n\t\t<\/h1>\n\t\t\t\t<\/div>\n\t\t\t\t\t<\/div>\n\t\t<\/article>\n\t\t\t\t<article class=\"elementor-post elementor-grid-item post-14448 post type-post status-publish format-standard has-post-thumbnail hentry category-uncategorized\">\n\t\t\t<div class=\"elementor-post__card\">\n\t\t\t\t<a class=\"elementor-post__thumbnail__link\" href=\"https:\/\/adriatic-sushi.com\/hr\/chopstick-here-chopstick-there-lunch-anywhere\/\" tabindex=\"-1\" ><div class=\"elementor-post__thumbnail\"><img loading=\"lazy\" decoding=\"async\" width=\"300\" height=\"188\" src=\"https:\/\/adriatic-sushi.com\/wp-content\/uploads\/2024\/10\/st-1-300x188.jpg\" class=\"attachment-medium size-medium wp-image-14799\" alt=\"\" srcset=\"https:\/\/adriatic-sushi.com\/wp-content\/uploads\/2024\/10\/st-1-300x188.jpg 300w, https:\/\/adriatic-sushi.com\/wp-content\/uploads\/2024\/10\/st-1-600x375.jpg 600w, https:\/\/adriatic-sushi.com\/wp-content\/uploads\/2024\/10\/st-1-1024x640.jpg 1024w, https:\/\/adriatic-sushi.com\/wp-content\/uploads\/2024\/10\/st-1-768x480.jpg 768w, https:\/\/adriatic-sushi.com\/wp-content\/uploads\/2024\/10\/st-1.jpg 1080w\" sizes=\"(max-width: 300px) 100vw, 300px\" \/><\/div><\/a>\n\t\t\t\t<div class=\"elementor-post__text\">\n\t\t\t\t<h1 class=\"elementor-post__title\">\n\t\t\t<a href=\"https:\/\/adriatic-sushi.com\/hr\/chopstick-here-chopstick-there-lunch-anywhere\/\" >\n\t\t\t\t\u0160tapi\u0107 u ruke za ru\u010dak bez po\u2019 muke\t\t\t<\/a>\n\t\t<\/h1>\n\t\t\t\t<\/div>\n\t\t\t\t\t<\/div>\n\t\t<\/article>\n\t\t\t\t<\/div>\n\t\t\n\t\t\t\t<div class=\"e-load-more-anchor\" data-page=\"1\" data-max-page=\"7\" data-next-page=\"https:\/\/adriatic-sushi.com\/hr\/wp-json\/wp\/v2\/pages\/14972\/page\/2\/\"><\/div>\n\t\t\t\t<nav class=\"elementor-pagination\" aria-label=\"Pagination\">\n\t\t\t<span aria-current=\"page\" class=\"page-numbers current\"><span class=\"elementor-screen-only\">Page<\/span>1<\/span>\n<a class=\"page-numbers\" href=\"https:\/\/adriatic-sushi.com\/hr\/wp-json\/wp\/v2\/pages\/14972\/page\/2\/\"><span class=\"elementor-screen-only\">Page<\/span>2<\/a>\n<a class=\"page-numbers\" href=\"https:\/\/adriatic-sushi.com\/hr\/wp-json\/wp\/v2\/pages\/14972\/page\/3\/\"><span class=\"elementor-screen-only\">Page<\/span>3<\/a>\n<a class=\"page-numbers\" href=\"https:\/\/adriatic-sushi.com\/hr\/wp-json\/wp\/v2\/pages\/14972\/page\/4\/\"><span class=\"elementor-screen-only\">Page<\/span>4<\/a>\n<a class=\"page-numbers\" href=\"https:\/\/adriatic-sushi.com\/hr\/wp-json\/wp\/v2\/pages\/14972\/page\/5\/\"><span class=\"elementor-screen-only\">Page<\/span>5<\/a>\n<a class=\"page-numbers\" href=\"https:\/\/adriatic-sushi.com\/hr\/wp-json\/wp\/v2\/pages\/14972\/page\/6\/\"><span class=\"elementor-screen-only\">Page<\/span>6<\/a>\n<a class=\"page-numbers\" href=\"https:\/\/adriatic-sushi.com\/hr\/wp-json\/wp\/v2\/pages\/14972\/page\/7\/\"><span class=\"elementor-screen-only\">Page<\/span>7<\/a>\t\t<\/nav>\n\t\t\t\t<\/div>\n\t\t\t\t<\/div>\n\t\t\t\t\t<\/div>\n\t\t\t\t<\/div>\n\t\t\t\t<\/div>","protected":false},"excerpt":{"rendered":"<p>Blog<\/p>","protected":false},"author":1,"featured_media":0,"parent":0,"menu_order":0,"comment_status":"closed","ping_status":"closed","template":"full-width.php","meta":{"footnotes":""},"class_list":["post-14972","page","type-page","status-publish","hentry"],"_links":{"self":[{"href":"https:\/\/adriatic-sushi.com\/hr\/wp-json\/wp\/v2\/pages\/14972","targetHints":{"allow":["GET"]}}],"collection":[{"href":"https:\/\/adriatic-sushi.com\/hr\/wp-json\/wp\/v2\/pages"}],"about":[{"href":"https:\/\/adriatic-sushi.com\/hr\/wp-json\/wp\/v2\/types\/page"}],"author":[{"embeddable":true,"href":"https:\/\/adriatic-sushi.com\/hr\/wp-json\/wp\/v2\/users\/1"}],"replies":[{"embeddable":true,"href":"https:\/\/adriatic-sushi.com\/hr\/wp-json\/wp\/v2\/comments?post=14972"}],"version-history":[{"count":55,"href":"https:\/\/adriatic-sushi.com\/hr\/wp-json\/wp\/v2\/pages\/14972\/revisions"}],"predecessor-version":[{"id":15164,"href":"https:\/\/adriatic-sushi.com\/hr\/wp-json\/wp\/v2\/pages\/14972\/revisions\/15164"}],"wp:attachment":[{"href":"https:\/\/adriatic-sushi.com\/hr\/wp-json\/wp\/v2\/media?parent=14972"}],"curies":[{"name":"wp","href":"https:\/\/api.w.org\/{rel}","templated":true}]}}