{"id":4845,"date":"2018-06-11T10:04:10","date_gmt":"2018-06-11T10:04:10","guid":{"rendered":"https:\/\/nigiri.qodeinteractive.com\/?page_id=11"},"modified":"2025-04-29T14:31:26","modified_gmt":"2025-04-29T14:31:26","slug":"main-home","status":"publish","type":"page","link":"https:\/\/adriatic-sushi.com\/hr\/","title":{"rendered":"Main Home"},"content":{"rendered":"<section class=\"wpb-content-wrapper\"><div class=\"vc_row wpb_row vc_row-fluid\" ><div class=\"wpb_column vc_column_container vc_col-sm-12\"><div class=\"vc_column-inner\"><div class=\"wpb_wrapper\"><div class=\"eltdf-elements-holder   eltdf-one-column  eltdf-responsive-mode-768\" ><div class=\"eltdf-eh-item\"  data-item-class=\"eltdf-eh-custom-3235\" data-1367-1600=\"0 8.3%\" data-1025-1366=\"0 8.3%\" data-769-1024=\"8.3% 8.3% 0\" data-681-768=\"8.3% 8.3% 0\" data-680=\"8.3% 8.3% 0\">\n\t<div class=\"eltdf-eh-item-inner\">\n\t\t<div class=\"eltdf-eh-item-content eltdf-eh-custom-3235\" style=\"padding: 0 8.3%\">\n\t\t\t<div class=\"wpb_revslider_element wpb_content_element\">\n\t\t\t\t<p class=\"rs-p-wp-fix\"><\/p>\n\t\t\t\t<sr7-module data-alias=\"main-home\" data-id=\"4\" id=\"SR7_4_1\" class=\"rs-ov-hidden\" data-version=\"6.7.18\">\n\t\t\t\t\t<sr7-adjuster><\/sr7-adjuster>\n\t\t\t\t\t<sr7-content>\n\t\t\t\t\t\t<sr7-slide id=\"SR7_4_1-22\" data-key=\"22\">\n\t\t\t\t\t\t\t<sr7-bg id=\"SR7_4_1-22-12\" class=\"sr7-layer\"><noscript><img decoding=\"async\" src=\"http:\/\/adriatic-sushi.com\/wp-content\/uploads\/2024\/12\/3.jpeg\" alt=\"\" title=\"3\"><\/noscript><\/sr7-bg>\n\t\t\t\t\t\t\t<sr7-txt id=\"SR7_4_1-22-9\" class=\"sr7-layer\">VRHUNSKI<\/sr7-txt>\n\t\t\t\t\t\t\t<sr7-txt id=\"SR7_4_1-22-10\" class=\"sr7-layer\">KUHARI<\/sr7-txt>\n\t\t\t\t\t\t<\/sr7-slide>\n\t\t\t\t\t\t<sr7-slide id=\"SR7_4_1-7\" data-key=\"7\">\n\t\t\t\t\t\t\t<sr7-bg id=\"SR7_4_1-7-12\" class=\"sr7-layer\"><noscript><img decoding=\"async\" src=\"http:\/\/adriatic-sushi.com\/wp-content\/uploads\/2024\/12\/2.jpeg\" alt=\"\" title=\"2\"><\/noscript><\/sr7-bg>\n\t\t\t\t\t\t\t<sr7-txt id=\"SR7_4_1-7-9\" class=\"sr7-layer\">NAJBOLJE <\/sr7-txt>\n\t\t\t\t\t\t\t<sr7-txt id=\"SR7_4_1-7-10\" class=\"sr7-layer\">NAMIRNICE<\/sr7-txt>\n\t\t\t\t\t\t<\/sr7-slide>\n\t\t\t\t\t\t<sr7-slide id=\"SR7_4_1-6\" data-key=\"6\">\n\t\t\t\t\t\t\t<sr7-bg id=\"SR7_4_1-6-8\" class=\"sr7-layer\"><noscript><img decoding=\"async\" src=\"http:\/\/adriatic-sushi.com\/wp-content\/uploads\/2024\/12\/1.jpeg\" alt=\"\" title=\"1\"><\/noscript><\/sr7-bg>\n\t\t\t\t\t\t\t<sr7-txt id=\"SR7_4_1-6-3\" class=\"sr7-layer\">Sushi<\/sr7-txt>\n\t\t\t\t\t\t\t<sr7-txt id=\"SR7_4_1-6-5\" class=\"sr7-layer\">Izvrsnost<\/sr7-txt>\n\t\t\t\t\t\t<\/sr7-slide>\n\t\t\t\t\t\t<sr7-slide id=\"SR7_4_1-23\" data-key=\"23\">\n\t\t\t\t\t\t<\/sr7-slide>\n\t\t\t\t\t<\/sr7-content>\n\t\t\t\t\t<image_lists style=\"display:none\">\n\t\t\t\t\t\t<img data-src=\"\/\/adriatic-sushi.com\/wp-content\/uploads\/2018\/06\/h1-slider1-img-2-1.png\" data-libid=\"252\" data-lib=\"medialibrary\" alt=\"a\" title=\"h1-slider1-img-2\" width=\"0\" height=\"0\" data-dbsrc=\"Ly9hZHJpYXRpYy1zdXNoaS5jb20vd3AtY29udGVudC91cGxvYWRzLzIwMTgvMDYvaDEtc2xpZGVyMS1pbWctMi0xLnBuZw==\"\/>\n\t\t\t\t\t\t<img data-src=\"\/\/adriatic-sushi.com\/wp-content\/uploads\/2018\/07\/h1-slider1-img-1-1.png\" data-libid=\"3931\" data-lib=\"medialibrary\" alt=\"a\" title=\"h1-slider1-img-1\" width=\"0\" height=\"0\" data-dbsrc=\"Ly9hZHJpYXRpYy1zdXNoaS5jb20vd3AtY29udGVudC91cGxvYWRzLzIwMTgvMDcvaDEtc2xpZGVyMS1pbWctMS0xLnBuZw==\"\/>\n\t\t\t\t\t\t<img data-src=\"\/\/adriatic-sushi.com\/wp-content\/uploads\/2024\/12\/1.jpeg\" data-libid=\"14989\" data-lib=\"medialibrary\" title=\"1\" width=\"0\" height=\"0\" data-dbsrc=\"Ly9hZHJpYXRpYy1zdXNoaS5jb20vd3AtY29udGVudC91cGxvYWRzLzIwMjQvMTIvMS5qcGVn\"\/>\n\t\t\t\t\t\t<img loading=\"lazy\" data-src=\"\/\/adriatic-sushi.com\/wp-content\/uploads\/2024\/12\/2.jpeg\" data-libid=\"14990\" data-lib=\"medialibrary\" title=\"2\" width=\"0\" height=\"0\" data-dbsrc=\"Ly9hZHJpYXRpYy1zdXNoaS5jb20vd3AtY29udGVudC91cGxvYWRzLzIwMjQvMTIvMi5qcGVn\"\/>\n\t\t\t\t\t\t<img loading=\"lazy\" data-src=\"\/\/adriatic-sushi.com\/wp-content\/uploads\/2024\/12\/3.jpeg\" data-libid=\"14991\" data-lib=\"medialibrary\" title=\"3\" width=\"0\" height=\"0\" data-dbsrc=\"Ly9hZHJpYXRpYy1zdXNoaS5jb20vd3AtY29udGVudC91cGxvYWRzLzIwMjQvMTIvMy5qcGVn\"\/>\n\t\t\t\t\t<\/image_lists>\n\t\t\t\t<\/sr7-module>\n\t\t\t\t<script>\n\t\t\t\t\tSR7.PMH ??={}; SR7.PMH[\"SR7_4_1\"] = {cn:0,state:false,fn: function() { if (_tpt!==undefined && _tpt.prepareModuleHeight !== undefined) {  _tpt.prepareModuleHeight({id:\"SR7_4_1\",el:[850,850,395,395,400],type:'standard',shdw:'0',gh:[850,850,395,395,400],gw:[1300,1300,1100,600,300],vpt:['1%&#039;,&#039;1%&#039;,&#039;1%&#039;,&#039;1%&#039;,&#039;1%'],size:{fullWidth:false, fullHeight:false},mh:'0',onh:0,onw:0,bg:{color:'{\"type\":\"solid\",\"orig\":\"#3c3d42\",\"string\":\"rgba(60, 61, 66, 1)\"}'},plType:'2',plColor:'#e43d34'});   SR7.PMH[\"SR7_4_1\"].state=true;} else if((SR7.PMH[\"SR7_4_1\"].cn++)<100)\tsetTimeout( SR7.PMH[\"SR7_4_1\"].fn,19);}};SR7.PMH[\"SR7_4_1\" ].fn();\n\t\t\t\t<\/script>\n<\/div>\t\t<\/div>\n\t<\/div>\n<\/div><\/div><\/div><\/div><\/div><\/div><div class=\"eltdf-row-grid-section-wrapper\"  ><div class=\"eltdf-row-grid-section\"><div class=\"vc_row wpb_row vc_row-fluid vc_custom_1529657371090\" ><div class=\"wpb_column vc_column_container vc_col-sm-12 vc_col-lg-offset-0 vc_col-lg-12 vc_col-md-offset-0 vc_col-md-12 vc_col-sm-offset-0\"><div class=\"vc_column-inner\"><div class=\"wpb_wrapper\"><div class=\"eltdf-dual-image-showcase-holder  eltdf-dual-image-showcase-right eltdf-text-align-right eltdf-parallax-items\" >\n            <div class=\"eltdf-dis-text-holder\">\n                            <h6 class=\"eltdf-dis-subtitle\" >TRIPADVISOR NAJBOLJE<\/h6>\n                                        <h2 class=\"eltdf-dis-title\" style=\"margin-bottom: 30px\">Adriatic Sushi &amp; Oyster Bar<\/h2>\n                \t\t                <p class=\"eltdf-dis-text\" >Do\u017eivite umami japanske kuhinje na jednom od najljep\u0161ih splitskih trgova, u srcu Dioklecijanove pala\u010de! Na\u0161i iskusni chefovi i sushi majstori pobrinut \u0107e se za gozbu u kojoj \u0107e u\u017eivati sva va\u0161a osjetila. Udobno se smjestite i neka va\u0161a gastronomska avantura zapo\u010dne!<\/p>\n                         <a itemprop=\"url\" href=\"https:\/\/book.seatlio.com\/fusion-bites\/adriatic-sushi-oyster-bar\" target=\"_blank\"  class=\"eltdf-btn eltdf-btn-small eltdf-btn-outline eltdf-dual-image-showcase-button eltdf-has-hover-animation\"  >    <span class=\"eltdf-btn-text\">Rezervacije<\/span>    <\/a>        <\/div>\n        <div class=\"eltdf-dis-inner-holder\">\n\t        \t\t        <div class=\"eltdf-background-image-holder\" data-y-axis-translation=\"-35\">\n\t\t\t        <img loading=\"lazy\" decoding=\"async\" width=\"300\" height=\"397\" src=\"https:\/\/adriatic-sushi.com\/wp-content\/uploads\/2024\/12\/reservation-e1734084460628.jpeg\" class=\"attachment-full size-full\" alt=\"\" \/>\t\t        <\/div>\n\t        \t        \t\t        <div class=\"eltdf-foreground-image-holder\" data-y-axis-translation=\"35\">\n\t\t\t        <img loading=\"lazy\" decoding=\"async\" width=\"467\" height=\"388\" src=\"https:\/\/adriatic-sushi.com\/wp-content\/uploads\/2024\/12\/11.png\" class=\"attachment-full size-full\" alt=\"\" srcset=\"https:\/\/adriatic-sushi.com\/wp-content\/uploads\/2024\/12\/11.png 467w, https:\/\/adriatic-sushi.com\/wp-content\/uploads\/2024\/12\/11-300x249.png 300w, https:\/\/adriatic-sushi.com\/wp-content\/uploads\/2024\/12\/11-14x12.png 14w\" sizes=\"(max-width: 467px) 100vw, 467px\" \/>\t\t        <\/div>\n\t                <\/div>\n    <\/div><\/div><\/div><\/div><\/div><\/div><\/div><div class=\"eltdf-row-grid-section-wrapper\"  ><div class=\"eltdf-row-grid-section\"><div class=\"vc_row wpb_row vc_row-fluid vc_column-gap-20 vc_row-o-content-middle vc_row-flex\" ><div class=\"wpb_column vc_column_container vc_col-sm-7 vc_col-lg-offset-0\"><div class=\"vc_column-inner\"><div class=\"wpb_wrapper\"><div class=\"eltdf-dual-image-showcase-holder myimages eltdf-dual-image-showcase-left eltdf-text-align-left eltdf-parallax-items\" >\n            <div class=\"eltdf-dis-inner-holder\">\n\t        \t\t        <div class=\"eltdf-background-image-holder\" data-y-axis-translation=\"35\">\n\t\t\t        <img loading=\"lazy\" decoding=\"async\" width=\"300\" height=\"439\" src=\"https:\/\/adriatic-sushi.com\/wp-content\/uploads\/2024\/12\/menu-e1734084475285.jpeg\" class=\"attachment-full size-full\" alt=\"\" \/>\t\t        <\/div>\n\t        \t        \t\t        <div class=\"eltdf-foreground-image-holder\" data-y-axis-translation=\"-35\">\n\t\t\t        <img loading=\"lazy\" decoding=\"async\" width=\"478\" height=\"336\" src=\"https:\/\/adriatic-sushi.com\/wp-content\/uploads\/2024\/12\/22.jpg\" class=\"attachment-full size-full\" alt=\"\" srcset=\"https:\/\/adriatic-sushi.com\/wp-content\/uploads\/2024\/12\/22.jpg 478w, https:\/\/adriatic-sushi.com\/wp-content\/uploads\/2024\/12\/22-300x211.jpg 300w, https:\/\/adriatic-sushi.com\/wp-content\/uploads\/2024\/12\/22-18x12.jpg 18w\" sizes=\"(max-width: 478px) 100vw, 478px\" \/>\t\t        <\/div>\n\t                <\/div>\n        <div class=\"eltdf-dis-text-holder\">\n                                                         <\/div>\n    <\/div><\/div><\/div><\/div><div class=\"wpb_column vc_column_container vc_col-sm-5\" id=\"Menu\"><div class=\"vc_column-inner\"><div class=\"wpb_wrapper\"><div class=\"vc_empty_space\"   style=\"height: 32px\"><span class=\"vc_empty_space_inner\"><\/span><\/div><div class=\"eltdf-section-title-holder\" >\n\t\t<div class=\"eltdf-st-inner\">\n\t\t\t\t\t<h6 class=\"eltdf-st-subtitle\" >\n\t\t\t\tna terasi cara Dioklecijana\t\t\t<\/h6>\n\t\t\t\t\t\t\t<h1 class=\"eltdf-st-title\" >\n\t\t\t\tNajbolje od Japana i Mediterana\t\t\t<\/h1>\n\t\t\t\t\t\t\t\t\t<p class=\"eltdf-st-text\" >\n\t\t\t\tLjubav stoluje na najljep\u0161oj terasi grada usred Dioklecijanove pala\u010de, gdje svakodnevno mo\u017eete svjedo\u010diti jedinstvenoj enogastronomskoj romansi carskog Japana i o\u010daravaju\u0107e Dalmacije.Razli\u010ditosti se privla\u010de, a sli\u010dnosti nas spajaju. U\u017eivajte zato u \u010darobnom spoju dvaju svjetova koje mo\u017eda razdvajaju oceani, ali ih zato \u010dvrsto povezuje princip jednostavnosti pripreme kojim se \u010duva prirodan okus namirnica i zadr\u017eavaju sve njihove hranjive vrijednosti i zdravstvene dobrobiti.\t\t\t<\/p>\n\t\t\t\t\t<\/div>\n<\/div><div class=\"vc_row wpb_row vc_inner vc_row-fluid vc_custom_1734265640366 vc_column-gap-10 eltdf-content-aligment-left\" ><div class=\"wpb_column vc_column_container vc_col-sm-12\"><div class=\"vc_column-inner\"><div class=\"wpb_wrapper\"><a itemprop=\"url\" href=\"http:\/\/adriatic-sushi.com\/wp-content\/uploads\/2025\/04\/maneu-1.pdf\" target=\"_blank\"  class=\"eltdf-btn eltdf-btn-small eltdf-btn-outline eltdf-has-hover-animation\"  >\n    <span class=\"eltdf-btn-text\">Jelovnik<\/span>\n    <\/a><\/div><\/div><\/div><\/div><\/div><\/div><\/div><\/div><\/div><\/div><div class=\"eltdf-row-grid-section-wrapper\"  ><div class=\"eltdf-row-grid-section\"><div class=\"vc_row wpb_row vc_row-fluid vc_custom_1529657371090\" ><div class=\"wpb_column vc_column_container vc_col-sm-12 vc_col-lg-offset-0 vc_col-lg-12 vc_col-md-offset-0 vc_col-md-12 vc_col-sm-offset-0\"><div class=\"vc_column-inner\"><div class=\"wpb_wrapper\"><div class=\"eltdf-dual-image-showcase-holder  eltdf-dual-image-showcase-right eltdf-text-align-right eltdf-parallax-items\" >\n            <div class=\"eltdf-dis-text-holder\">\n                            <h6 class=\"eltdf-dis-subtitle\" >Vrhunski specijaliteti<\/h6>\n                                        <h2 class=\"eltdf-dis-title\" style=\"margin-bottom: 30px\">najbolja vina<\/h2>\n                \t\t                <p class=\"eltdf-dis-text\" >Na Carrarinoj poljani \u010deka vas vrhunski japanski sushi i sjajan izbor vje\u010dnih, ali i posve novih mediteranskih ribljih klasika. Maki ili svje\u017ee kamenice, sashimi ili riblji carpaccio, futomaki ili buzara od svje\u017eih \u0161koljki, nigiri ili ri\u017eot od dimljenih morskih plodova, tuna tataki ili tuna punjena gu\u0161\u010djom jetrom? Nudimo sve to i mnogo, mnogo vi\u0161e, zato nam jo\u0161 danas svratite i provjerite za\u0161to se Adriatic Sushi &amp; Oyster bar u manje od dvije godine od otvorenja nalazi me\u0111u 10 najbolje ocijenjenih splitskih restorana na Tripadvisoru! Za vas smo kreirali i fantasti\u010dnu listu probranih vina iz svih hrvatskih vinogorja s koje \u0107e vam na\u0161e stru\u010dno i ljubazno osoblje rado preporu\u010diti ba\u0161 ona crna, bijela, ru\u017ei\u010dasta ili pjenu\u0161ava vina koja se najbolje sljubljuju sa specijalitetima koje odaberete.<\/p>\n                         <a itemprop=\"url\" href=\"http:\/\/adriatic-sushi.com\/wp-content\/uploads\/2024\/12\/adriatic_vinska_Wine.pdf\" target=\"_blank\"  class=\"eltdf-btn eltdf-btn-small eltdf-btn-outline eltdf-dual-image-showcase-button eltdf-has-hover-animation\"  >    <span class=\"eltdf-btn-text\">Wine List<\/span>    <\/a>        <\/div>\n        <div class=\"eltdf-dis-inner-holder\">\n\t        \t\t        <div class=\"eltdf-background-image-holder\" data-y-axis-translation=\"-35\">\n\t\t\t        <img loading=\"lazy\" decoding=\"async\" width=\"300\" height=\"450\" src=\"https:\/\/adriatic-sushi.com\/wp-content\/uploads\/2024\/12\/wine-e1734084491460.jpeg\" class=\"attachment-full size-full\" alt=\"\" \/>\t\t        <\/div>\n\t        \t        \t\t        <div class=\"eltdf-foreground-image-holder\" data-y-axis-translation=\"35\">\n\t\t\t        <img loading=\"lazy\" decoding=\"async\" width=\"467\" height=\"388\" src=\"https:\/\/adriatic-sushi.com\/wp-content\/uploads\/2024\/12\/11.png\" class=\"attachment-full size-full\" alt=\"\" srcset=\"https:\/\/adriatic-sushi.com\/wp-content\/uploads\/2024\/12\/11.png 467w, https:\/\/adriatic-sushi.com\/wp-content\/uploads\/2024\/12\/11-300x249.png 300w, https:\/\/adriatic-sushi.com\/wp-content\/uploads\/2024\/12\/11-14x12.png 14w\" sizes=\"(max-width: 467px) 100vw, 467px\" \/>\t\t        <\/div>\n\t                <\/div>\n    <\/div><\/div><\/div><\/div><\/div><\/div><\/div>\n<\/section>","protected":false},"excerpt":{"rendered":"Amazing Chefs Fresh Ingredients Sushi Excellence TRIPADVISOR BEST Adriatic Sushi &amp; Oyster Bar Experience the umami of Japanese cuisine in one of the most beautiful squares in Split, in the heart of Diocletian\u2019s Palace! Our experienced chefs and [...]","protected":false},"author":1,"featured_media":0,"parent":0,"menu_order":0,"comment_status":"closed","ping_status":"closed","template":"full-width.php","meta":{"footnotes":""},"class_list":["post-4845","page","type-page","status-publish","hentry"],"_links":{"self":[{"href":"https:\/\/adriatic-sushi.com\/hr\/wp-json\/wp\/v2\/pages\/4845","targetHints":{"allow":["GET"]}}],"collection":[{"href":"https:\/\/adriatic-sushi.com\/hr\/wp-json\/wp\/v2\/pages"}],"about":[{"href":"https:\/\/adriatic-sushi.com\/hr\/wp-json\/wp\/v2\/types\/page"}],"author":[{"embeddable":true,"href":"https:\/\/adriatic-sushi.com\/hr\/wp-json\/wp\/v2\/users\/1"}],"replies":[{"embeddable":true,"href":"https:\/\/adriatic-sushi.com\/hr\/wp-json\/wp\/v2\/comments?post=4845"}],"version-history":[{"count":37,"href":"https:\/\/adriatic-sushi.com\/hr\/wp-json\/wp\/v2\/pages\/4845\/revisions"}],"predecessor-version":[{"id":15206,"href":"https:\/\/adriatic-sushi.com\/hr\/wp-json\/wp\/v2\/pages\/4845\/revisions\/15206"}],"wp:attachment":[{"href":"https:\/\/adriatic-sushi.com\/hr\/wp-json\/wp\/v2\/media?parent=4845"}],"curies":[{"name":"wp","href":"https:\/\/api.w.org\/{rel}","templated":true}]}}